



{"id":5830,"date":"2020-08-12T11:50:55","date_gmt":"2020-08-12T09:50:55","guid":{"rendered":"http:\/\/cresus-209.ovh\/onmne.tn\/?page_id=5830"},"modified":"2020-09-07T14:57:02","modified_gmt":"2020-09-07T12:57:02","slug":"mission-de-formation-communication","status":"publish","type":"page","link":"\/?page_id=5830","title":{"rendered":"Mission de formation-communication"},"content":{"rendered":"[vc_row][vc_column][vc_column_text]\r\n<ul>\r\n<li>Contribuer au renforcement de la formation dans le domaine de l\u2019\u00e9pid\u00e9miologie d\u2019intervention;<\/li>\r\n<li>Contribuer \u00e0 la diffusion d\u2019informations valides et pertinentes dans le domaine des maladies nouvelles et \u00e9mergentes;<\/li>\r\n<li>D\u00e9velopper un partenariat proactif avec les m\u00e9dias et les sp\u00e9cialistes de communication.<\/li>\r\n<\/ul>\r\n[\/vc_column_text][\/vc_column][\/vc_row]\r\n[vc_empty_space height=\u00a0\u00bb22px\u00a0\u00bb] <em>Derni\u00e8re Modification:<\/em>  07\/09\/2020 02:57:02[vc_empty_space height=\u00a0\u00bb22px\u00a0\u00bb]","protected":false},"excerpt":{"rendered":"<p>[vc_row][vc_column][vc_column_text] Contribuer au renforcement de la formation dans le domaine de l\u2019\u00e9pid\u00e9miologie d\u2019intervention; Contribuer \u00e0 la diffusion d\u2019informations valides et pertinentes dans le domaine des maladies nouvelles et \u00e9mergentes; D\u00e9velopper un partenariat proactif avec les m\u00e9dias et les sp\u00e9cialistes de&hellip;<\/p>\n","protected":false},"author":1,"featured_media":0,"parent":0,"menu_order":0,"comment_status":"closed","ping_status":"closed","template":"","meta":{"_bbp_topic_count":0,"_bbp_reply_count":0,"_bbp_total_topic_count":0,"_bbp_total_reply_count":0,"_bbp_voice_count":0,"_bbp_anonymous_reply_count":0,"_bbp_topic_count_hidden":0,"_bbp_reply_count_hidden":0,"_bbp_forum_subforum_count":0,"_links_to":"","_links_to_target":""},"_links":{"self":[{"href":"\/index.php?rest_route=\/wp\/v2\/pages\/5830"}],"collection":[{"href":"\/index.php?rest_route=\/wp\/v2\/pages"}],"about":[{"href":"\/index.php?rest_route=\/wp\/v2\/types\/page"}],"author":[{"embeddable":true,"href":"\/index.php?rest_route=\/wp\/v2\/users\/1"}],"replies":[{"embeddable":true,"href":"\/index.php?rest_route=%2Fwp%2Fv2%2Fcomments&post=5830"}],"version-history":[{"count":6,"href":"\/index.php?rest_route=\/wp\/v2\/pages\/5830\/revisions"}],"predecessor-version":[{"id":8779,"href":"\/index.php?rest_route=\/wp\/v2\/pages\/5830\/revisions\/8779"}],"wp:attachment":[{"href":"\/index.php?rest_route=%2Fwp%2Fv2%2Fmedia&parent=5830"}],"curies":[{"name":"wp","href":"https:\/\/api.w.org\/{rel}","templated":true}]}}