



{"id":5783,"date":"2020-08-12T12:53:08","date_gmt":"2020-08-12T10:53:08","guid":{"rendered":"http:\/\/cresus-209.ovh\/onmne.tn\/?page_id=5783"},"modified":"2020-10-13T13:07:48","modified_gmt":"2020-10-13T11:07:48","slug":"nos-publications","status":"publish","type":"page","link":"\/?page_id=5783","title":{"rendered":"Nos Publications"},"content":{"rendered":"[vc_row][vc_column]<div class=\"vcex-module vcex-callout clr with-button\"><div class=\"vcex-callout-caption clr\"><p> Pr\u00e9paration de la riposte nationale \u00e0 une \u00e9ventuelle \u00e9pid\u00e9mie d\u2019infections humaines par le nouveau CORONAVIRUS (MERS-CoV). \u00a0\u00a0 <a href=\"#\" target=\"_blank\" rel=\"noopener noreferrer\">Voir Fichier<\/a> <\/p>\n<\/div><div class=\"vcex-callout-button\"><a href=\"http:\/\/\/grippe\/\" title=\"T\u00e9l\u00e9charger\" class=\"theme-button grey\">T\u00e9l\u00e9charger<\/a><\/div><\/div>[vc_empty_space height=\u00a0\u00bb15px\u00a0\u00bb]<div class=\"vcex-module vcex-callout clr with-button\"><div class=\"vcex-callout-caption clr\"><p>BULLETIN N\u00b02 &#8211; SURVEILLANCE DE L&rsquo;INFECTION A VWN EN TUNISIE. \u00a0\u00a0 <a href=\"https:\/\/www.onmne.tn\/wp-content\/uploads\/2020\/10\/Bulletin2WN.pdf\" target=\"_blank\" rel=\"noopener noreferrer\">Voir Fichier<\/a><\/p>\n<\/div><div class=\"vcex-callout-button\"><a href=\"https:\/\/www.onmne.tn\/wp-content\/uploads\/2020\/10\/Bulletin2WN.pdf\" title=\"T\u00e9l\u00e9charger\" class=\"theme-button grey\">T\u00e9l\u00e9charger<\/a><\/div><\/div>[vc_empty_space height=\u00a0\u00bb15px\u00a0\u00bb]<div class=\"vcex-module vcex-callout clr with-button\"><div class=\"vcex-callout-caption clr\"><p>First multicenter study for risk factors for hepatocellular carcinoma development in North Africa. \u00a0\u00a0 <a href=\"https:\/\/www.onmne.tn\/wp-content\/uploads\/2020\/10\/first_multicenter_study_for_risk_1.pdf\" target=\"_blank\" rel=\"noopener noreferrer\">Voir Fichier<\/a><\/p>\n<\/div><div class=\"vcex-callout-button\"><a href=\"https:\/\/www.onmne.tn\/wp-content\/uploads\/2020\/10\/first_multicenter_study_for_risk_1.pdf\" title=\"T\u00e9l\u00e9charger\" class=\"theme-button grey\">T\u00e9l\u00e9charger<\/a><\/div><\/div>[vc_empty_space height=\u00a0\u00bb15px\u00a0\u00bb]<div class=\"vcex-module vcex-callout clr with-button\"><div class=\"vcex-callout-caption clr\"><p>Completeness of malaria notification in Tunisia assessed by capture recapture method. \u00a0\u00a0 <a href=\"https:\/\/www.onmne.tn\/wp-content\/uploads\/2020\/10\/completeness_of_malaria_notification_in_tunisia_2.pdf\" target=\"_blank\" rel=\"noopener noreferrer\">Voir Fichier<\/a><\/p>\n<\/div><div class=\"vcex-callout-button\"><a href=\"https:\/\/www.onmne.tn\/wp-content\/uploads\/2020\/10\/completeness_of_malaria_notification_in_tunisia_2.pdf\" title=\"T\u00e9l\u00e9charger\" class=\"theme-button grey\">T\u00e9l\u00e9charger<\/a><\/div><\/div>[vc_empty_space height=\u00a0\u00bb15px\u00a0\u00bb]<div class=\"vcex-module vcex-callout clr with-button\"><div class=\"vcex-callout-caption clr\"><p>Temporal Dynamics and Impact of Climate Factors on the Incidence of Zoonotic Cutaneous Leishmaniasis in Central Tunisia. \u00a0\u00a0 <a href=\"https:\/\/www.onmne.tn\/wp-content\/uploads\/2020\/10\/temporal_dynamics_and_impact_of_climate_factors_3.pdf\" target=\"_blank\" rel=\"noopener noreferrer\">Voir Fichier<\/a><\/p>\n<\/div><div class=\"vcex-callout-button\"><a href=\"https:\/\/www.onmne.tn\/wp-content\/uploads\/2020\/10\/temporal_dynamics_and_impact_of_climate_factors_3.pdf\" title=\"T\u00e9l\u00e9charger\" class=\"theme-button grey\">T\u00e9l\u00e9charger<\/a><\/div><\/div>[vc_empty_space height=\u00a0\u00bb15px\u00a0\u00bb]<div class=\"vcex-module vcex-callout clr with-button\"><div class=\"vcex-callout-caption clr\"><p>Diagnosis of Mediterranean Visceral Leishmaniasis by Detection of Leishmania Antibodies and Leishmania DNA in Oral Fluid Samples Collected Using an Oracol Device. \u00a0\u00a0 <a href=\"https:\/\/www.onmne.tn\/wp-content\/uploads\/2020\/10\/diagnosis_of_mediterranean_visceral_leishmaniasis_4.pdf\" target=\"_blank\" rel=\"noopener noreferrer\">Voir Fichier<\/a><\/p>\n<\/div><div class=\"vcex-callout-button\"><a href=\"https:\/\/www.onmne.tn\/wp-content\/uploads\/2020\/10\/diagnosis_of_mediterranean_visceral_leishmaniasis_4.pdf\" title=\"T\u00e9l\u00e9charger\" class=\"theme-button grey\">T\u00e9l\u00e9charger<\/a><\/div><\/div>[vc_empty_space height=\u00a0\u00bb15px\u00a0\u00bb]<div class=\"vcex-module vcex-callout clr with-button\"><div class=\"vcex-callout-caption clr\"><p>Evaluation de l\u2019efficacite\u00b4 du programme tunisien de lutte antituberculeuse. \u00a0\u00a0 <a href=\"https:\/\/www.onmne.tn\/wp-content\/uploads\/2020\/10\/lutte_antituberculeuse_5.pdf\" target=\"_blank\" rel=\"noopener noreferrer\">Voir Fichier<\/a><\/p>\n<\/div><div class=\"vcex-callout-button\"><a href=\"https:\/\/www.onmne.tn\/wp-content\/uploads\/2020\/10\/lutte_antituberculeuse_5.pdf\" title=\"T\u00e9l\u00e9charger\" class=\"theme-button grey\">T\u00e9l\u00e9charger<\/a><\/div><\/div>[vc_empty_space height=\u00a0\u00bb15px\u00a0\u00bb]<div class=\"vcex-module vcex-callout clr with-button\"><div class=\"vcex-callout-caption clr\"><p>\u00c9tude s\u00e9ro\u00e9pid\u00e9miologique de la circulation du virus West Nile chez l\u2019Homme en Tunisie. \u00a0\u00a0 <a href=\"https:\/\/www.onmne.tn\/wp-content\/uploads\/2020\/10\/circulation_du_virus_west_nile.pdf\" target=\"_blank\" rel=\"noopener noreferrer\">Voir Fichier<\/a><\/p>\n<\/div><div class=\"vcex-callout-button\"><a href=\"https:\/\/www.onmne.tn\/wp-content\/uploads\/2020\/10\/circulation_du_virus_west_nile.pdf\" title=\"T\u00e9l\u00e9charger\" class=\"theme-button grey\">T\u00e9l\u00e9charger<\/a><\/div><\/div>[vc_empty_space height=\u00a0\u00bb15px\u00a0\u00bb]<div class=\"vcex-module vcex-callout clr with-button\"><div class=\"vcex-callout-caption clr\"><p>Heterogeneity of hepatitis B transmission in Tunisia : Risk factors for infection and chronic carriage before the introduction of a universal vaccine program. \u00a0\u00a0 <a href=\"https:\/\/www.onmne.tn\/wp-content\/uploads\/2020\/10\/hepatitis_b_transmission_in_tunisia.pdf\" target=\"_blank\" rel=\"noopener noreferrer\">Voir Fichier<\/a><\/p>\n<\/div><div class=\"vcex-callout-button\"><a href=\"https:\/\/www.onmne.tn\/wp-content\/uploads\/2020\/10\/hepatitis_b_transmission_in_tunisia.pdf\" title=\"T\u00e9l\u00e9charger\" class=\"theme-button grey\">T\u00e9l\u00e9charger<\/a><\/div><\/div>[vc_empty_space height=\u00a0\u00bb15px\u00a0\u00bb]<div class=\"vcex-module vcex-callout clr with-button\"><div class=\"vcex-callout-caption clr\"><p>Relation Temp\u00e9rature &#8211; Mortalt\u00e9 pour la ville de Tunis 2005-2007. \u00a0\u00a0 <a href=\"https:\/\/www.onmne.tn\/wp-content\/uploads\/2020\/10\/relation_temperature_mortalite.pdf\" target=\"_blank\" rel=\"noopener noreferrer\">Voir Fichier<\/a><\/p>\n<\/div><div class=\"vcex-callout-button\"><a href=\"https:\/\/www.onmne.tn\/wp-content\/uploads\/2020\/10\/relation_temperature_mortalite.pdf\" title=\"T\u00e9l\u00e9charger\" class=\"theme-button grey\">T\u00e9l\u00e9charger<\/a><\/div><\/div>[vc_empty_space height=\u00a0\u00bb15px\u00a0\u00bb]<div class=\"vcex-module vcex-callout clr with-button\"><div class=\"vcex-callout-caption clr\"><p>Serological and molecular expression of Hepatitis B infection in patients with chronic Hepatitis C from Tunisia, North Africa. \u00a0\u00a0 <a href=\"https:\/\/www.onmne.tn\/wp-content\/uploads\/2020\/10\/serological_molecular_expression_hepatitis_b.pdf\" target=\"_blank\" rel=\"noopener noreferrer\">Voir Fichier<\/a><\/p>\n<\/div><div class=\"vcex-callout-button\"><a href=\"https:\/\/www.onmne.tn\/wp-content\/uploads\/2020\/10\/serological_molecular_expression_hepatitis_b.pdf\" title=\"T\u00e9l\u00e9charger\" class=\"theme-button grey\">T\u00e9l\u00e9charger<\/a><\/div><\/div>[vc_empty_space height=\u00a0\u00bb15px\u00a0\u00bb]<div class=\"vcex-module vcex-callout clr with-button\"><div class=\"vcex-callout-caption clr\"><p>R\u00f4le du virus Toscana dans les infections neurom\u00e9ninge\u00e9s en Tunisie. \u00a0\u00a0 <a href=\"https:\/\/www.onmne.tn\/wp-content\/uploads\/2020\/10\/virus_toscana_2010.pdf\" target=\"_blank\" rel=\"noopener noreferrer\">Voir Fichier<\/a><\/p>\n<\/div><div class=\"vcex-callout-button\"><a href=\"https:\/\/www.onmne.tn\/wp-content\/uploads\/2020\/10\/virus_toscana_2010.pdf\" title=\"T\u00e9l\u00e9charger\" class=\"theme-button grey\">T\u00e9l\u00e9charger<\/a><\/div><\/div>[\/vc_column][\/vc_row]\n","protected":false},"excerpt":{"rendered":"<p>[vc_row][vc_column][vc_empty_space height=\u00a0\u00bb15px\u00a0\u00bb][vc_empty_space height=\u00a0\u00bb15px\u00a0\u00bb][vc_empty_space height=\u00a0\u00bb15px\u00a0\u00bb][vc_empty_space height=\u00a0\u00bb15px\u00a0\u00bb][vc_empty_space height=\u00a0\u00bb15px\u00a0\u00bb][vc_empty_space height=\u00a0\u00bb15px\u00a0\u00bb][vc_empty_space height=\u00a0\u00bb15px\u00a0\u00bb][vc_empty_space height=\u00a0\u00bb15px\u00a0\u00bb][vc_empty_space height=\u00a0\u00bb15px\u00a0\u00bb][vc_empty_space height=\u00a0\u00bb15px\u00a0\u00bb][vc_empty_space height=\u00a0\u00bb15px\u00a0\u00bb][\/vc_column][\/vc_row]<\/p>\n","protected":false},"author":1,"featured_media":0,"parent":0,"menu_order":0,"comment_status":"closed","ping_status":"closed","template":"","meta":{"_bbp_topic_count":0,"_bbp_reply_count":0,"_bbp_total_topic_count":0,"_bbp_total_reply_count":0,"_bbp_voice_count":0,"_bbp_anonymous_reply_count":0,"_bbp_topic_count_hidden":0,"_bbp_reply_count_hidden":0,"_bbp_forum_subforum_count":0,"_links_to":"","_links_to_target":""},"_links":{"self":[{"href":"\/index.php?rest_route=\/wp\/v2\/pages\/5783"}],"collection":[{"href":"\/index.php?rest_route=\/wp\/v2\/pages"}],"about":[{"href":"\/index.php?rest_route=\/wp\/v2\/types\/page"}],"author":[{"embeddable":true,"href":"\/index.php?rest_route=\/wp\/v2\/users\/1"}],"replies":[{"embeddable":true,"href":"\/index.php?rest_route=%2Fwp%2Fv2%2Fcomments&post=5783"}],"version-history":[{"count":19,"href":"\/index.php?rest_route=\/wp\/v2\/pages\/5783\/revisions"}],"predecessor-version":[{"id":9755,"href":"\/index.php?rest_route=\/wp\/v2\/pages\/5783\/revisions\/9755"}],"wp:attachment":[{"href":"\/index.php?rest_route=%2Fwp%2Fv2%2Fmedia&parent=5783"}],"curies":[{"name":"wp","href":"https:\/\/api.w.org\/{rel}","templated":true}]}}