



{"id":5774,"date":"2020-07-16T12:39:38","date_gmt":"2020-07-16T10:39:38","guid":{"rendered":"http:\/\/cresus-209.ovh\/onmne.tn\/?page_id=5774"},"modified":"2020-10-12T17:29:18","modified_gmt":"2020-10-12T15:29:18","slug":"virus-west-nile","status":"publish","type":"page","link":"\/?page_id=5774","title":{"rendered":"Virus West Nile"},"content":{"rendered":"[vc_row][vc_column]<div class=\"vcex-module vcex-callout clr with-button\"><div class=\"vcex-callout-caption clr\"><p>Dispositif de surveillance int\u00e9gr\u00e9e du west nile en Tunisie. \u00a0\u00a0 <a href=\"https:\/\/www.onmne.tn\/wp-content\/uploads\/2020\/10\/Dispositif-de-surveillance-integree-du-virus-West-Nile.pdf\" target=\"_blank\" rel=\"noopener noreferrer\">Voir Fichier<\/a><\/p>\n<\/div><div class=\"vcex-callout-button\"><a href=\"https:\/\/www.onmne.tn\/wp-content\/uploads\/2020\/10\/Dispositif-de-surveillance-integree-du-virus-West-Nile.pdf\" title=\"T\u00e9l\u00e9charger\" class=\"theme-button grey\">T\u00e9l\u00e9charger<\/a><\/div><\/div>[vc_empty_space height=\u00a0\u00bb15px\u00a0\u00bb]<div class=\"vcex-module vcex-callout clr with-button\"><div class=\"vcex-callout-caption clr\"><p>Annexe 1: Fiches de surveillance cas suspect virus west nile. \u00a0\u00a0 <a href=\"https:\/\/www.onmne.tn\/wp-content\/uploads\/2020\/10\/Annexe01_Fiches_surveillance_cassuspect_vwn-converted.pdf\" target=\"_blank\" rel=\"noopener noreferrer\">Voir Fichier<\/a><\/p>\n<\/div><div class=\"vcex-callout-button\"><a href=\"https:\/\/www.onmne.tn\/wp-content\/uploads\/2020\/10\/Annexe01_Fiches_surveillance_cassuspect_vwn-converted.pdf\" title=\"T\u00e9l\u00e9charger\" class=\"theme-button grey\">T\u00e9l\u00e9charger<\/a><\/div><\/div>[vc_empty_space height=\u00a0\u00bb15px\u00a0\u00bb]<div class=\"vcex-module vcex-callout clr with-button\"><div class=\"vcex-callout-caption clr\"><p>Annexe 2:\u00a0Fiche de prospection protocoe SAP. \u00a0\u00a0 <a href=\"https:\/\/www.onmne.tn\/wp-content\/uploads\/2020\/10\/Fiche-de-prospection-protocole-SAP.pdf\" target=\"_blank\" rel=\"noopener noreferrer\">Voir Fichier<\/a><\/p>\n<\/div><div class=\"vcex-callout-button\"><a href=\"https:\/\/www.onmne.tn\/wp-content\/uploads\/2020\/10\/Fiche-de-prospection-protocole-SAP.pdf\" title=\"T\u00e9l\u00e9charger\" class=\"theme-button grey\">T\u00e9l\u00e9charger<\/a><\/div><\/div>[vc_empty_space height=\u00a0\u00bb15px\u00a0\u00bb]<div class=\"vcex-module vcex-callout clr with-button\"><div class=\"vcex-callout-caption clr\"><p>Annexe 3: Liste et code gouvernorats drain\u00e9s par chaque laboratoire r\u00e9gional. \u00a0\u00a0 <a href=\"https:\/\/www.onmne.tn\/wp-content\/uploads\/2020\/10\/Annexe-03.pdf\" target=\"_blank\" rel=\"noopener noreferrer\">Voir Fichier<\/a><\/p>\n<\/div><div class=\"vcex-callout-button\"><a href=\"https:\/\/www.onmne.tn\/wp-content\/uploads\/2020\/10\/Annexe-03.pdf\" title=\"T\u00e9l\u00e9charger\" class=\"theme-button grey\">T\u00e9l\u00e9charger<\/a><\/div><\/div>[vc_empty_space height=\u00a0\u00bb15px\u00a0\u00bb]<div class=\"vcex-module vcex-callout clr with-button\"><div class=\"vcex-callout-caption clr\"><p>Annexe 4: Note d&rsquo;information suspicion west nile. \u00a0\u00a0 <a href=\"#\" target=\"_blank\" rel=\"noopener noreferrer\">Voir Fichier<\/a><\/p>\n<\/div><div class=\"vcex-callout-button\"><a href=\"http:\/\/\/grippe\/\" title=\"T\u00e9l\u00e9charger\" class=\"theme-button grey\">T\u00e9l\u00e9charger<\/a><\/div><\/div>[vc_empty_space height=\u00a0\u00bb15px\u00a0\u00bb]<div class=\"vcex-module vcex-callout clr with-button\"><div class=\"vcex-callout-caption clr\"><p>Annexe 5:\u00a0Conseils aux laboratoires. \u00a0\u00a0 <a href=\"https:\/\/www.onmne.tn\/wp-content\/uploads\/2020\/10\/CONSEILS-AUX-LABORATOIRES.pdf\" target=\"_blank\" rel=\"noopener noreferrer\">Voir Fichier<\/a><\/p>\n<\/div><div class=\"vcex-callout-button\"><a href=\"https:\/\/www.onmne.tn\/wp-content\/uploads\/2020\/10\/CONSEILS-AUX-LABORATOIRES.pdf\" title=\"T\u00e9l\u00e9charger\" class=\"theme-button grey\">T\u00e9l\u00e9charger<\/a><\/div><\/div>[vc_empty_space height=\u00a0\u00bb15px\u00a0\u00bb]<div class=\"vcex-module vcex-callout clr with-button\"><div class=\"vcex-callout-caption clr\"><p>Annexe 6: Conseils aux services. \u00a0\u00a0 <a href=\"https:\/\/www.onmne.tn\/wp-content\/uploads\/2020\/10\/Annexe-6.pdf\" target=\"_blank\" rel=\"noopener noreferrer\">Voir Fichier<\/a><\/p>\n<\/div><div class=\"vcex-callout-button\"><a href=\"https:\/\/www.onmne.tn\/wp-content\/uploads\/2020\/10\/Annexe-6.pdf\" title=\"T\u00e9l\u00e9charger\" class=\"theme-button grey\">T\u00e9l\u00e9charger<\/a><\/div><\/div>[vc_empty_space height=\u00a0\u00bb15px\u00a0\u00bb]<div class=\"vcex-module vcex-callout clr with-button\"><div class=\"vcex-callout-caption clr\"><p>Annexe 7: Protocole d&rsquo;investigation west nile. \u00a0\u00a0 <a href=\"https:\/\/www.onmne.tn\/wp-content\/uploads\/2020\/10\/Annexe-7.pdf\" target=\"_blank\" rel=\"noopener noreferrer\">Voir Fichier<\/a><\/p>\n<\/div><div class=\"vcex-callout-button\"><a href=\"https:\/\/www.onmne.tn\/wp-content\/uploads\/2020\/10\/Annexe-7.pdf\" title=\"T\u00e9l\u00e9charger\" class=\"theme-button grey\">T\u00e9l\u00e9charger<\/a><\/div><\/div>[vc_empty_space height=\u00a0\u00bb15px\u00a0\u00bb]<div class=\"vcex-module vcex-callout clr with-button\"><div class=\"vcex-callout-caption clr\"><p>Annexe 8: Surveillance int\u00e9gr\u00e9e west nile en Tunisie. \u00a0\u00a0 <a href=\"https:\/\/www.onmne.tn\/wp-content\/uploads\/2020\/10\/Annexe-8.pdf\" target=\"_blank\" rel=\"noopener noreferrer\">Voir Fichier<\/a><\/p>\n<\/div><div class=\"vcex-callout-button\"><a href=\"https:\/\/www.onmne.tn\/wp-content\/uploads\/2020\/10\/Annexe-8.pdf\" title=\"T\u00e9l\u00e9charger\" class=\"theme-button grey\">T\u00e9l\u00e9charger<\/a><\/div><\/div>[vc_empty_space height=\u00a0\u00bb15px\u00a0\u00bb]<div class=\"vcex-module vcex-callout clr with-button\"><div class=\"vcex-callout-caption clr\"><p>Convention minist\u00e8re de la sant\u00e9 minist\u00e8re de l&rsquo;agriculture sur le west nile. \u00a0\u00a0 <a href=\"https:\/\/www.onmne.tn\/wp-content\/uploads\/2020\/10\/Convention_MS_MA_WNV.pdf\" target=\"_blank\" rel=\"noopener noreferrer\">Voir Fichier<\/a><\/p>\n<\/div><div class=\"vcex-callout-button\"><a href=\"https:\/\/www.onmne.tn\/wp-content\/uploads\/2020\/10\/Convention_MS_MA_WNV.pdf\" title=\"T\u00e9l\u00e9charger\" class=\"theme-button grey\">T\u00e9l\u00e9charger<\/a><\/div><\/div>[\/vc_column][\/vc_row]\n","protected":false},"excerpt":{"rendered":"<p>[vc_row][vc_column][vc_empty_space height=\u00a0\u00bb15px\u00a0\u00bb][vc_empty_space height=\u00a0\u00bb15px\u00a0\u00bb][vc_empty_space height=\u00a0\u00bb15px\u00a0\u00bb][vc_empty_space height=\u00a0\u00bb15px\u00a0\u00bb][vc_empty_space height=\u00a0\u00bb15px\u00a0\u00bb][vc_empty_space height=\u00a0\u00bb15px\u00a0\u00bb][vc_empty_space height=\u00a0\u00bb15px\u00a0\u00bb][vc_empty_space height=\u00a0\u00bb15px\u00a0\u00bb][vc_empty_space height=\u00a0\u00bb15px\u00a0\u00bb][\/vc_column][\/vc_row]<\/p>\n","protected":false},"author":1,"featured_media":0,"parent":0,"menu_order":0,"comment_status":"closed","ping_status":"closed","template":"","meta":{"_bbp_topic_count":0,"_bbp_reply_count":0,"_bbp_total_topic_count":0,"_bbp_total_reply_count":0,"_bbp_voice_count":0,"_bbp_anonymous_reply_count":0,"_bbp_topic_count_hidden":0,"_bbp_reply_count_hidden":0,"_bbp_forum_subforum_count":0,"_links_to":"","_links_to_target":""},"_links":{"self":[{"href":"\/index.php?rest_route=\/wp\/v2\/pages\/5774"}],"collection":[{"href":"\/index.php?rest_route=\/wp\/v2\/pages"}],"about":[{"href":"\/index.php?rest_route=\/wp\/v2\/types\/page"}],"author":[{"embeddable":true,"href":"\/index.php?rest_route=\/wp\/v2\/users\/1"}],"replies":[{"embeddable":true,"href":"\/index.php?rest_route=%2Fwp%2Fv2%2Fcomments&post=5774"}],"version-history":[{"count":9,"href":"\/index.php?rest_route=\/wp\/v2\/pages\/5774\/revisions"}],"predecessor-version":[{"id":9799,"href":"\/index.php?rest_route=\/wp\/v2\/pages\/5774\/revisions\/9799"}],"wp:attachment":[{"href":"\/index.php?rest_route=%2Fwp%2Fv2%2Fmedia&parent=5774"}],"curies":[{"name":"wp","href":"https:\/\/api.w.org\/{rel}","templated":true}]}}