



{"id":5762,"date":"2020-08-12T11:29:43","date_gmt":"2020-08-12T09:29:43","guid":{"rendered":"http:\/\/cresus-209.ovh\/onmne.tn\/?page_id=5762"},"modified":"2020-10-13T12:28:48","modified_gmt":"2020-10-13T10:28:48","slug":"grippe-pandemique-2009","status":"publish","type":"page","link":"\/?page_id=5762","title":{"rendered":"Grippe Pand\u00e9mique 2009"},"content":{"rendered":"[vc_row][vc_column]<div class=\"vcex-module vcex-callout clr with-button\"><div class=\"vcex-callout-caption clr\"><p>Guide de surveillance de la grippe. <a href=\"https:\/\/www.onmne.tn\/wp-content\/uploads\/2020\/10\/guidegripf6102016-1.pdf\" target=\"_blank\" rel=\"noopener noreferrer\">Voir Fichier<\/a><\/p>\n<\/div><div class=\"vcex-callout-button\"><a href=\"https:\/\/www.onmne.tn\/wp-content\/uploads\/2020\/10\/guidegripf6102016-1.pdf\" title=\"t\u00e9l\u00e9charger\" class=\"theme-button\">t\u00e9l\u00e9charger<\/a><\/div><\/div>[vc_empty_space]<div class=\"vcex-module vcex-callout clr with-button\"><div class=\"vcex-callout-caption clr\"><p>Circulaire n\u00b074 grippe 2017-2018. <a href=\"https:\/\/www.onmne.tn\/wp-content\/uploads\/2020\/10\/circulaire_n_74_grippe_2017_2018.pdf\" target=\"_blank\" rel=\"noopener noreferrer\">Voir Fichier<\/a><\/p>\n<\/div><div class=\"vcex-callout-button\"><a href=\"https:\/\/www.onmne.tn\/wp-content\/uploads\/2020\/10\/circulaire_n_74_grippe_2017_2018.pdf\" title=\"t\u00e9l\u00e9charger\" class=\"theme-button\">t\u00e9l\u00e9charger<\/a><\/div><\/div>[vc_empty_space]<div class=\"vcex-module vcex-callout clr with-button\"><div class=\"vcex-callout-caption clr\"><p>Fiche de signalement d&rsquo;une hospitalisation (HO1) pour un cas confirm\u00e9. <a href=\"https:\/\/www.onmne.tn\/wp-content\/uploads\/2020\/10\/questionnaire_ho1.pdf\" target=\"_blank\" rel=\"noopener noreferrer\">Voir Fichier<\/a><\/p>\n<\/div><div class=\"vcex-callout-button\"><a href=\"https:\/\/www.onmne.tn\/wp-content\/uploads\/2020\/10\/questionnaire_ho1.pdf\" title=\"t\u00e9l\u00e9charger\" class=\"theme-button\">t\u00e9l\u00e9charger<\/a><\/div><\/div>[vc_empty_space]<div class=\"vcex-module vcex-callout clr with-button\"><div class=\"vcex-callout-caption clr\"><p>Grippe A (H1N1) : que faire chez la femme enceinte ?. <a href=\"https:\/\/www.onmne.tn\/wp-content\/uploads\/2020\/10\/h1n1_femme_enceinte.pdf\" target=\"_blank\" rel=\"noopener noreferrer\">Voir Fichier<\/a><\/p>\n<\/div><div class=\"vcex-callout-button\"><a href=\"https:\/\/www.onmne.tn\/wp-content\/uploads\/2020\/10\/h1n1_femme_enceinte.pdf\" title=\"t\u00e9l\u00e9charger\" class=\"theme-button\">t\u00e9l\u00e9charger<\/a><\/div><\/div>[vc_empty_space]<div class=\"vcex-module vcex-callout clr with-button\"><div class=\"vcex-callout-caption clr\"><p>Protocole de surveillance des cas group\u00e9s de grippe \u00e0 nouveau virus grippal A(H1N1). <a href=\"https:\/\/www.onmne.tn\/wp-content\/uploads\/2020\/10\/protocole_signalement_cas_groupes_de_grippe_220509.pdf\" target=\"_blank\" rel=\"noopener noreferrer\">Voir Fichier<\/a><\/p>\n<\/div><div class=\"vcex-callout-button\"><a href=\"https:\/\/www.onmne.tn\/wp-content\/uploads\/2020\/10\/protocole_signalement_cas_groupes_de_grippe_220509.pdf\" title=\"t\u00e9l\u00e9charger\" class=\"theme-button\">t\u00e9l\u00e9charger<\/a><\/div><\/div>[vc_empty_space]<div class=\"vcex-module vcex-callout clr with-button\"><div class=\"vcex-callout-caption clr\"><p>Influenza A\/H1N1v \u2013 Nouvelle approche en Belgique. <a href=\"https:\/\/www.onmne.tn\/wp-content\/uploads\/2020\/10\/h1n1v_nouvelle_approche_en_belgique.pdf\" target=\"_blank\" rel=\"noopener noreferrer\">Voir Fichier<\/a><\/p>\n<\/div><div class=\"vcex-callout-button\"><a href=\"https:\/\/www.onmne.tn\/wp-content\/uploads\/2020\/10\/h1n1v_nouvelle_approche_en_belgique.pdf\" title=\"t\u00e9l\u00e9charger\" class=\"theme-button\">t\u00e9l\u00e9charger<\/a><\/div><\/div>[vc_empty_space]<div class=\"vcex-module vcex-callout clr with-button\"><div class=\"vcex-callout-caption clr\"><p>Vous \u00eates n\u00e9s avant 1957 : la grippe A (H1N1) ne passera (peut-\u00eatre) pas par vous !. <a href=\"https:\/\/www.onmne.tn\/wp-content\/uploads\/2020\/10\/ah1n1_avant1957.pdf\" target=\"_blank\" rel=\"noopener noreferrer\">Voir Fichier<\/a><\/p>\n<\/div><div class=\"vcex-callout-button\"><a href=\"https:\/\/www.onmne.tn\/wp-content\/uploads\/2020\/10\/ah1n1_avant1957.pdf\" title=\"t\u00e9l\u00e9charger\" class=\"theme-button\">t\u00e9l\u00e9charger<\/a><\/div><\/div>[vc_empty_space]<div class=\"vcex-module vcex-callout clr with-button\"><div class=\"vcex-callout-caption clr\"><p>Qui est vaccin\u00e9 contre la grippe en Europe ?. <a href=\"https:\/\/www.onmne.tn\/wp-content\/uploads\/2020\/10\/euro_vaccination_grippe.pdf\" target=\"_blank\" rel=\"noopener noreferrer\">Voir Fichier<\/a><\/p>\n<\/div><div class=\"vcex-callout-button\"><a href=\"https:\/\/www.onmne.tn\/wp-content\/uploads\/2020\/10\/euro_vaccination_grippe.pdf\" title=\"t\u00e9l\u00e9charger\" class=\"theme-button\">t\u00e9l\u00e9charger<\/a><\/div><\/div>[vc_empty_space]<div class=\"vcex-module vcex-callout clr with-button\"><div class=\"vcex-callout-caption clr\"><p>A(H1N1)-2009 H\u00e9misph\u00e8re Nord 17 juillet 2009. <a href=\"https:\/\/www.onmne.tn\/wp-content\/uploads\/2020\/10\/ah1n1_hemisphere_nord_170709.pdf\" target=\"_blank\" rel=\"noopener noreferrer\">Voir Fichier<\/a><\/p>\n<\/div><div class=\"vcex-callout-button\"><a href=\"https:\/\/www.onmne.tn\/wp-content\/uploads\/2020\/10\/ah1n1_hemisphere_nord_170709.pdf\" title=\"t\u00e9l\u00e9charger\" class=\"theme-button\">t\u00e9l\u00e9charger<\/a><\/div><\/div>[vc_empty_space]<div class=\"vcex-module vcex-callout clr with-button\"><div class=\"vcex-callout-caption clr\"><p>Protocole de signalement et d\u2019investigation des clusters de grippe A(H1N1) 2009. <a href=\"https:\/\/www.onmne.tn\/wp-content\/uploads\/2020\/10\/protocole_signalement_cas_groupes_de_grippe_230709.pdf\" target=\"_blank\" rel=\"noopener noreferrer\">Voir Fichier<\/a><\/p>\n<\/div><div class=\"vcex-callout-button\"><a href=\"https:\/\/www.onmne.tn\/wp-content\/uploads\/2020\/10\/protocole_signalement_cas_groupes_de_grippe_230709.pdf\" title=\"t\u00e9l\u00e9charger\" class=\"theme-button\">t\u00e9l\u00e9charger<\/a><\/div><\/div>[vc_empty_space]<div class=\"vcex-module vcex-callout clr with-button\"><div class=\"vcex-callout-caption clr\"><p>Grippe A (H1\/N1) : les syndicats de m\u00e9decins critiques sur l\u2019action du gouvernement. <a href=\"https:\/\/www.onmne.tn\/wp-content\/uploads\/2020\/10\/les_syndicats_de_medecins_critiques_gouvernement.pdf\" target=\"_blank\" rel=\"noopener noreferrer\">Voir Fichier<\/a><\/p>\n<\/div><div class=\"vcex-callout-button\"><a href=\"https:\/\/www.onmne.tn\/wp-content\/uploads\/2020\/10\/les_syndicats_de_medecins_critiques_gouvernement.pdf\" title=\"t\u00e9l\u00e9charger\" class=\"theme-button\">t\u00e9l\u00e9charger<\/a><\/div><\/div>[vc_empty_space]<div class=\"vcex-module vcex-callout clr with-button\"><div class=\"vcex-callout-caption clr\"><p>L\u2019apprentissage de la gestion des pand\u00e9mies. <a href=\"https:\/\/www.onmne.tn\/wp-content\/uploads\/2020\/10\/grippe_ah1n1_limperatif_pour_les_entreprises_de_se_preparer.pdf\" target=\"_blank\" rel=\"noopener noreferrer\">Voir Fichier<\/a><\/p>\n<\/div><div class=\"vcex-callout-button\"><a href=\"https:\/\/www.onmne.tn\/wp-content\/uploads\/2020\/10\/grippe_ah1n1_limperatif_pour_les_entreprises_de_se_preparer.pdf\" title=\"t\u00e9l\u00e9charger\" class=\"theme-button\">t\u00e9l\u00e9charger<\/a><\/div><\/div>[vc_empty_space]<div class=\"vcex-module vcex-callout clr with-button\"><div class=\"vcex-callout-caption clr\"><p>Recommandations sur l\u2019utilisation de TAMIFLU\u00ae (Oseltamivir) chez les nourrissons de moins de 1 an et pour la pr\u00e9paration ex temporan\u00e9e d\u2019une solution buvable. <a href=\"https:\/\/www.onmne.tn\/wp-content\/uploads\/2020\/10\/tamiflu_chez_nourrisson.pdf\" target=\"_blank\" rel=\"noopener noreferrer\">Voir Fichier<\/a><\/p>\n<\/div><div class=\"vcex-callout-button\"><a href=\"https:\/\/www.onmne.tn\/wp-content\/uploads\/2020\/10\/tamiflu_chez_nourrisson.pdf\" title=\"t\u00e9l\u00e9charger\" class=\"theme-button\">t\u00e9l\u00e9charger<\/a><\/div><\/div>[vc_empty_space]<div class=\"vcex-module vcex-callout clr with-button\"><div class=\"vcex-callout-caption clr\"><p>Le retour du virus A\/H1N1&#8230; chez les porcs. <a href=\"https:\/\/www.onmne.tn\/wp-content\/uploads\/2020\/10\/h1n1_retour_porc.pdf\" target=\"_blank\" rel=\"noopener noreferrer\">Voir Fichier<\/a><\/p>\n<\/div><div class=\"vcex-callout-button\"><a href=\"https:\/\/www.onmne.tn\/wp-content\/uploads\/2020\/10\/h1n1_retour_porc.pdf\" title=\"t\u00e9l\u00e9charger\" class=\"theme-button\">t\u00e9l\u00e9charger<\/a><\/div><\/div>[vc_empty_space]<div class=\"vcex-module vcex-callout clr with-button\"><div class=\"vcex-callout-caption clr\"><p>Pol\u00e9mique sur les risques de Guillain-Barr\u00e9 avec une vaccination massive contre la grippe A (H1\/N1). <a href=\"https:\/\/www.onmne.tn\/wp-content\/uploads\/2020\/10\/h1n1_vaccination_guillain_barre.pdf\" target=\"_blank\" rel=\"noopener noreferrer\">Voir Fichier<\/a><\/p>\n<\/div><div class=\"vcex-callout-button\"><a href=\"https:\/\/www.onmne.tn\/wp-content\/uploads\/2020\/10\/h1n1_vaccination_guillain_barre.pdf\" title=\"t\u00e9l\u00e9charger\" class=\"theme-button\">t\u00e9l\u00e9charger<\/a><\/div><\/div>[vc_empty_space]<div class=\"vcex-module vcex-callout clr with-button\"><div class=\"vcex-callout-caption clr\"><p>Fermeture des \u00e9tablissements scolaires en cas de survenue de grippe A\/H1N1 : \u00e9l\u00e9ments d\u2019aide \u00e0 la d\u00e9cision. <a href=\"https:\/\/www.onmne.tn\/wp-content\/uploads\/2020\/10\/fermeture_des_ets_scolaires_020909.pdf\" target=\"_blank\" rel=\"noopener noreferrer\">Voir Fichier<\/a><\/p>\n<\/div><div class=\"vcex-callout-button\"><a href=\"https:\/\/www.onmne.tn\/wp-content\/uploads\/2020\/10\/fermeture_des_ets_scolaires_020909.pdf\" title=\"t\u00e9l\u00e9charger\" class=\"theme-button\">t\u00e9l\u00e9charger<\/a><\/div><\/div>[vc_empty_space]<div class=\"vcex-module vcex-callout clr with-button\"><div class=\"vcex-callout-caption clr\"><p>Les 10 000 premiers cas de grippe A(H1N1)\u2026 allemands. <a href=\"https:\/\/www.onmne.tn\/wp-content\/uploads\/2020\/10\/h1n1_10milles_cas_allemands.pdf\" target=\"_blank\" rel=\"noopener noreferrer\">Voir Fichier<\/a><\/p>\n<\/div><div class=\"vcex-callout-button\"><a href=\"https:\/\/www.onmne.tn\/wp-content\/uploads\/2020\/10\/h1n1_10milles_cas_allemands.pdf\" title=\"t\u00e9l\u00e9charger\" class=\"theme-button\">t\u00e9l\u00e9charger<\/a><\/div><\/div>[vc_empty_space]<div class=\"vcex-module vcex-callout clr with-button\"><div class=\"vcex-callout-caption clr\"><p>Influenza A (H1N1) 2009, Point H\u00e9misph\u00e8re Sud. <a href=\"https:\/\/www.onmne.tn\/wp-content\/uploads\/2020\/10\/h1n1_2009_point_hemisphere_sud.pdf\" target=\"_blank\" rel=\"noopener noreferrer\">Voir Fichier<\/a><\/p>\n<\/div><div class=\"vcex-callout-button\"><a href=\"https:\/\/www.onmne.tn\/wp-content\/uploads\/2020\/10\/h1n1_2009_point_hemisphere_sud.pdf\" title=\"t\u00e9l\u00e9charger\" class=\"theme-button\">t\u00e9l\u00e9charger<\/a><\/div><\/div>[vc_empty_space]<div class=\"vcex-module vcex-callout clr with-button\"><div class=\"vcex-callout-caption clr\"><p>Situation de A(H1N1)2009 dans certains pays de l\u2019h\u00e9misph\u00e8re Nord. <a href=\"https:\/\/www.onmne.tn\/wp-content\/uploads\/2020\/10\/ah1n1_hemisphere_nord_11_09_09.pdf\" target=\"_blank\" rel=\"noopener noreferrer\">Voir Fichier<\/a><\/p>\n<\/div><div class=\"vcex-callout-button\"><a href=\"https:\/\/www.onmne.tn\/wp-content\/uploads\/2020\/10\/ah1n1_hemisphere_nord_11_09_09.pdf\" title=\"t\u00e9l\u00e9charger\" class=\"theme-button\">t\u00e9l\u00e9charger<\/a><\/div><\/div>[vc_empty_space]<div class=\"vcex-module vcex-callout clr with-button\"><div class=\"vcex-callout-caption clr\"><p>Note sur la s\u00e9v\u00e9rit\u00e9 de l\u2019infection A(H1N1)2009 Monde. <a href=\"https:\/\/www.onmne.tn\/wp-content\/uploads\/2020\/10\/note_sur_la_severite_de_linfection_ah1n1.pdf\" target=\"_blank\" rel=\"noopener noreferrer\">Voir Fichier<\/a><\/p>\n<\/div><div class=\"vcex-callout-button\"><a href=\"https:\/\/www.onmne.tn\/wp-content\/uploads\/2020\/10\/note_sur_la_severite_de_linfection_ah1n1.pdf\" title=\"t\u00e9l\u00e9charger\" class=\"theme-button\">t\u00e9l\u00e9charger<\/a><\/div><\/div>[vc_empty_space]<div class=\"vcex-module vcex-callout clr with-button\"><div class=\"vcex-callout-caption clr\"><p>Actualisation de l\u2019avis relatif aux recommandations sur les priorit\u00e9s sanitaires d\u2019utilisation des vaccins pand\u00e9miques dirig\u00e9s contre le virus grippal A(H1N1). <a href=\"https:\/\/www.onmne.tn\/wp-content\/uploads\/2020\/10\/h1n1_actualisation_avis.pdf\" target=\"_blank\" rel=\"noopener noreferrer\">Voir Fichier<\/a><\/p>\n<\/div><div class=\"vcex-callout-button\"><a href=\"https:\/\/www.onmne.tn\/wp-content\/uploads\/2020\/10\/h1n1_actualisation_avis.pdf\" title=\"t\u00e9l\u00e9charger\" class=\"theme-button\">t\u00e9l\u00e9charger<\/a><\/div><\/div>[vc_empty_space]<div class=\"vcex-module vcex-callout clr with-button\"><div class=\"vcex-callout-caption clr\"><p>Mesures d\u2019hygi\u00e8ne pour pr\u00e9venir la transmission de la grippe pand\u00e9mique A(H1N1). <a href=\"https:\/\/www.onmne.tn\/wp-content\/uploads\/2020\/10\/mesures_d_hygiene.pdf\" target=\"_blank\" rel=\"noopener noreferrer\">Voir Fichier<\/a><\/p>\n<\/div><div class=\"vcex-callout-button\"><a href=\"https:\/\/www.onmne.tn\/wp-content\/uploads\/2020\/10\/mesures_d_hygiene.pdf\" title=\"t\u00e9l\u00e9charger\" class=\"theme-button\">t\u00e9l\u00e9charger<\/a><\/div><\/div>[vc_empty_space]<div class=\"vcex-module vcex-callout clr with-button\"><div class=\"vcex-callout-caption clr\"><p>Dilemme : quel vaccin contre le virus A (H1\/N1) pour les femmes enceintes ?. <a href=\"https:\/\/www.onmne.tn\/wp-content\/uploads\/2020\/10\/quel_vaccin_contre_le_virus_ah1n1_pour_les_femmes_enceintes.pdf\" target=\"_blank\" rel=\"noopener noreferrer\">Voir Fichier<\/a><\/p>\n<\/div><div class=\"vcex-callout-button\"><a href=\"https:\/\/www.onmne.tn\/wp-content\/uploads\/2020\/10\/quel_vaccin_contre_le_virus_ah1n1_pour_les_femmes_enceintes.pdf\" title=\"t\u00e9l\u00e9charger\" class=\"theme-button\">t\u00e9l\u00e9charger<\/a><\/div><\/div>[vc_empty_space]<div class=\"vcex-module vcex-callout clr with-button\"><div class=\"vcex-callout-caption clr\"><p>Pand\u00e9mie grippale : ce qui attend nos services de r\u00e9animation. <a href=\"https:\/\/www.onmne.tn\/wp-content\/uploads\/2020\/10\/ce_qui_attend_nos_services_de_rea.pdf\" target=\"_blank\" rel=\"noopener noreferrer\">Voir Fichier<\/a><\/p>\n<\/div><div class=\"vcex-callout-button\"><a href=\"https:\/\/www.onmne.tn\/wp-content\/uploads\/2020\/10\/ce_qui_attend_nos_services_de_rea.pdf\" title=\"t\u00e9l\u00e9charger\" class=\"theme-button\">t\u00e9l\u00e9charger<\/a><\/div><\/div>[vc_empty_space]<div class=\"vcex-module vcex-callout clr with-button\"><div class=\"vcex-callout-caption clr\"><p>H1N1 : l\u2019\u00e9pid\u00e9mie ne d\u00e9marre pas, la faute au rhinovirus ?. <a href=\"https:\/\/www.onmne.tn\/wp-content\/uploads\/2020\/10\/h1n1_hinovirus.pdf\" target=\"_blank\" rel=\"noopener noreferrer\">Voir Fichier<\/a><\/p>\n<\/div><div class=\"vcex-callout-button\"><a href=\"https:\/\/www.onmne.tn\/wp-content\/uploads\/2020\/10\/h1n1_hinovirus.pdf\" title=\"t\u00e9l\u00e9charger\" class=\"theme-button\">t\u00e9l\u00e9charger<\/a><\/div><\/div>[vc_empty_space]<div class=\"vcex-module vcex-callout clr with-button\"><div class=\"vcex-callout-caption clr\"><p>Vaccination A (H1\/N1) : une communication difficile alors que la question des adjuvants attise les craintes. <a href=\"https:\/\/www.onmne.tn\/wp-content\/uploads\/2020\/10\/a_h1n_vaccination_adjuvants.pdfh1n1_hinovirus.pdf\" target=\"_blank\" rel=\"noopener noreferrer\">Voir Fichier<\/a><\/p>\n<\/div><div class=\"vcex-callout-button\"><a href=\"https:\/\/www.onmne.tn\/wp-content\/uploads\/2020\/10\/a_h1n_vaccination_adjuvants.pdfh1n1_hinovirus.pdf\" title=\"t\u00e9l\u00e9charger\" class=\"theme-button\">t\u00e9l\u00e9charger<\/a><\/div><\/div>[vc_empty_space]<div class=\"vcex-module vcex-callout clr with-button\"><div class=\"vcex-callout-caption clr\"><p>Risque de complications li\u00e9es \u00e0 la grippe pand\u00e9mique A(H1N1)2009 chez la femme enceinte. <a href=\"https:\/\/www.onmne.tn\/wp-content\/uploads\/2020\/10\/ah1n1_femmes_enceintes_30112009.pdf\" target=\"_blank\" rel=\"noopener noreferrer\">Voir Fichier<\/a><\/p>\n<\/div><div class=\"vcex-callout-button\"><a href=\"https:\/\/www.onmne.tn\/wp-content\/uploads\/2020\/10\/ah1n1_femmes_enceintes_30112009.pdf\" title=\"t\u00e9l\u00e9charger\" class=\"theme-button\">t\u00e9l\u00e9charger<\/a><\/div><\/div>[vc_empty_space]<div class=\"vcex-module vcex-callout clr with-button\"><div class=\"vcex-callout-caption clr\"><p>Grippe A (H1N1) : inqui\u00e9tudes sur les surinfections \u00e0 pneumocoques, les virus mutants et les r\u00e9sistances \u00e0 l\u2019oseltamivir. <a href=\"https:\/\/www.onmne.tn\/wp-content\/uploads\/2020\/10\/h1n1_surinfections_resistances_mutations.pdf\" target=\"_blank\" rel=\"noopener noreferrer\">Voir Fichier<\/a><\/p>\n<\/div><div class=\"vcex-callout-button\"><a href=\"https:\/\/www.onmne.tn\/wp-content\/uploads\/2020\/10\/h1n1_surinfections_resistances_mutations.pdf\" title=\"t\u00e9l\u00e9charger\" class=\"theme-button\">t\u00e9l\u00e9charger<\/a><\/div><\/div>[vc_empty_space]<div class=\"vcex-module vcex-callout clr with-button\"><div class=\"vcex-callout-caption clr\"><p>Grippe A (H1N1), tout augmente : infections, vaccinations, contradictions, r\u00e9quisitions\u2026 <a href=\"https:\/\/www.onmne.tn\/wp-content\/uploads\/2020\/10\/h1h1_tout_augmente.pdf\" target=\"_blank\" rel=\"noopener noreferrer\">Voir Fichier<\/a><\/p>\n<\/div><div class=\"vcex-callout-button\"><a href=\"https:\/\/www.onmne.tn\/wp-content\/uploads\/2020\/10\/h1h1_tout_augmente.pdf\" title=\"t\u00e9l\u00e9charger\" class=\"theme-button\">t\u00e9l\u00e9charger<\/a><\/div><\/div>[vc_empty_space]<div class=\"vcex-module vcex-callout clr with-button\"><div class=\"vcex-callout-caption clr\"><p>Grippe Pand\u00e9mique A(H1N1)v Pourquoi je me vaccine ? Comment je me vaccine ?. <a href=\"https:\/\/www.onmne.tn\/wp-content\/uploads\/2020\/10\/pourquoi_je_me_vaccine.pdf\" target=\"_blank\" rel=\"noopener noreferrer\">Voir Fichier<\/a><\/p>\n<\/div><div class=\"vcex-callout-button\"><a href=\"https:\/\/www.onmne.tn\/wp-content\/uploads\/2020\/10\/pourquoi_je_me_vaccine.pdf\" title=\"t\u00e9l\u00e9charger\" class=\"theme-button\">t\u00e9l\u00e9charger<\/a><\/div><\/div>[vc_empty_space]<div class=\"vcex-module vcex-callout clr with-button\"><div class=\"vcex-callout-caption clr\"><p>Grippe A (H1N1) : quelle antibioth\u00e9rapie pour quel malade ?. <a href=\"https:\/\/www.onmne.tn\/wp-content\/uploads\/2020\/10\/grippe_antibiotherapie.pdf\" target=\"_blank\" rel=\"noopener noreferrer\">Voir Fichier<\/a><\/p>\n<\/div><div class=\"vcex-callout-button\"><a href=\"https:\/\/www.onmne.tn\/wp-content\/uploads\/2020\/10\/grippe_antibiotherapie.pdf\" title=\"t\u00e9l\u00e9charger\" class=\"theme-button\">t\u00e9l\u00e9charger<\/a><\/div><\/div>[vc_empty_space]<div class=\"vcex-module vcex-callout clr with-button\"><div class=\"vcex-callout-caption clr\"><p>Les pol\u00e9miques autour de la vaccination contre le virus H1N1. <a href=\"https:\/\/www.onmne.tn\/wp-content\/uploads\/2020\/10\/les_polemiques_autour_de_la_vaccination.pdf\" target=\"_blank\" rel=\"noopener noreferrer\">Voir Fichier<\/a><\/p>\n<\/div><div class=\"vcex-callout-button\"><a href=\"https:\/\/www.onmne.tn\/wp-content\/uploads\/2020\/10\/les_polemiques_autour_de_la_vaccination.pdf\" title=\"t\u00e9l\u00e9charger\" class=\"theme-button\">t\u00e9l\u00e9charger<\/a><\/div><\/div>[vc_empty_space]<div class=\"vcex-module vcex-callout clr with-button\"><div class=\"vcex-callout-caption clr\"><p>Estimations du nombre d\u2019infections de grippe A(H1N1)2009 en France. <a href=\"https:\/\/www.onmne.tn\/wp-content\/uploads\/2020\/10\/estimation_cas_graves_grippe_ah1n1_171209.pdf\" target=\"_blank\" rel=\"noopener noreferrer\">Voir Fichier<\/a><\/p>\n<\/div><div class=\"vcex-callout-button\"><a href=\"https:\/\/www.onmne.tn\/wp-content\/uploads\/2020\/10\/estimation_cas_graves_grippe_ah1n1_171209.pdf\" title=\"t\u00e9l\u00e9charger\" class=\"theme-button\">t\u00e9l\u00e9charger<\/a><\/div><\/div>[vc_empty_space]<div class=\"vcex-module vcex-callout clr with-button\"><div class=\"vcex-callout-caption clr\"><p>Entretien des surfaces \u00e0 l\u2019h\u00f4pital au cours de la p\u00e9riode de grippe H1N1. <a href=\"https:\/\/www.onmne.tn\/wp-content\/uploads\/2020\/10\/hygiene_hospitaliere.pdf\" target=\"_blank\" rel=\"noopener noreferrer\">Voir Fichier<\/a><\/p>\n<\/div><div class=\"vcex-callout-button\"><a href=\"https:\/\/www.onmne.tn\/wp-content\/uploads\/2020\/10\/hygiene_hospitaliere.pdf\" title=\"t\u00e9l\u00e9charger\" class=\"theme-button\">t\u00e9l\u00e9charger<\/a><\/div><\/div>[vc_empty_space]<div class=\"vcex-module vcex-callout clr with-button\"><div class=\"vcex-callout-caption clr\"><p>Grippe A (H1\/N1) : que s\u2019est-il vraiment pass\u00e9 ?. <a href=\"https:\/\/www.onmne.tn\/wp-content\/uploads\/2020\/10\/grippe_ah1n1_que_sest_il_vraiment_passe.pdf\" target=\"_blank\" rel=\"noopener noreferrer\">Voir Fichier<\/a><\/p>\n<\/div><div class=\"vcex-callout-button\"><a href=\"https:\/\/www.onmne.tn\/wp-content\/uploads\/2020\/10\/grippe_ah1n1_que_sest_il_vraiment_passe.pdf\" title=\"t\u00e9l\u00e9charger\" class=\"theme-button\">t\u00e9l\u00e9charger<\/a><\/div><\/div>[vc_empty_space]<div class=\"vcex-module vcex-callout clr with-button\"><div class=\"vcex-callout-caption clr\"><p>Mise en place d\u2019un business continuity planning : pr\u00e9paration \u00e0 l\u2019\u00e9mergence d\u2019une pand\u00e9mie de grippe. <a href=\"https:\/\/www.onmne.tn\/wp-content\/uploads\/2020\/10\/mise_en_place_business_continuity_planning.pdf\" target=\"_blank\" rel=\"noopener noreferrer\">Voir Fichier<\/a><\/p>\n<\/div><div class=\"vcex-callout-button\"><a href=\"https:\/\/www.onmne.tn\/wp-content\/uploads\/2020\/10\/mise_en_place_business_continuity_planning.pdf\" title=\"t\u00e9l\u00e9charger\" class=\"theme-button\">t\u00e9l\u00e9charger<\/a><\/div><\/div>[\/vc_column][\/vc_row][vc_row][vc_column][\/vc_column][\/vc_row]\n","protected":false},"excerpt":{"rendered":"<p>[vc_row][vc_column][vc_empty_space][vc_empty_space][vc_empty_space][vc_empty_space][vc_empty_space][vc_empty_space][vc_empty_space][vc_empty_space][vc_empty_space][vc_empty_space][vc_empty_space][vc_empty_space][vc_empty_space][vc_empty_space][vc_empty_space][vc_empty_space][vc_empty_space][vc_empty_space][vc_empty_space][vc_empty_space][vc_empty_space][vc_empty_space][vc_empty_space][vc_empty_space][vc_empty_space][vc_empty_space][vc_empty_space][vc_empty_space][vc_empty_space][vc_empty_space][vc_empty_space][vc_empty_space][vc_empty_space][vc_empty_space][vc_empty_space][\/vc_column][\/vc_row][vc_row][vc_column][\/vc_column][\/vc_row]<\/p>\n","protected":false},"author":1,"featured_media":0,"parent":0,"menu_order":0,"comment_status":"closed","ping_status":"closed","template":"","meta":{"_bbp_topic_count":0,"_bbp_reply_count":0,"_bbp_total_topic_count":0,"_bbp_total_reply_count":0,"_bbp_voice_count":0,"_bbp_anonymous_reply_count":0,"_bbp_topic_count_hidden":0,"_bbp_reply_count_hidden":0,"_bbp_forum_subforum_count":0,"_links_to":"","_links_to_target":""},"_links":{"self":[{"href":"\/index.php?rest_route=\/wp\/v2\/pages\/5762"}],"collection":[{"href":"\/index.php?rest_route=\/wp\/v2\/pages"}],"about":[{"href":"\/index.php?rest_route=\/wp\/v2\/types\/page"}],"author":[{"embeddable":true,"href":"\/index.php?rest_route=\/wp\/v2\/users\/1"}],"replies":[{"embeddable":true,"href":"\/index.php?rest_route=%2Fwp%2Fv2%2Fcomments&post=5762"}],"version-history":[{"count":42,"href":"\/index.php?rest_route=\/wp\/v2\/pages\/5762\/revisions"}],"predecessor-version":[{"id":9734,"href":"\/index.php?rest_route=\/wp\/v2\/pages\/5762\/revisions\/9734"}],"wp:attachment":[{"href":"\/index.php?rest_route=%2Fwp%2Fv2%2Fmedia&parent=5762"}],"curies":[{"name":"wp","href":"https:\/\/api.w.org\/{rel}","templated":true}]}}