



{"id":5756,"date":"2020-08-12T11:19:36","date_gmt":"2020-08-12T09:19:36","guid":{"rendered":"http:\/\/cresus-209.ovh\/onmne.tn\/?page_id=5756"},"modified":"2020-10-13T10:11:40","modified_gmt":"2020-10-13T08:11:40","slug":"grippe-aviaire","status":"publish","type":"page","link":"\/?page_id=5756","title":{"rendered":"Grippe Aviaire"},"content":{"rendered":"<p><a href=\"https:\/\/www.onmne.tn\/wp-content\/uploads\/2020\/10\/fiche_de_declaration_dun_patient_en_investigation_pour_une_grippe_h5n1.pdf\">fiche_de_declaration_dun_patient_en_investigation_pour_une_grippe_h5n1<\/a><a href=\"https:\/\/www.onmne.tn\/wp-content\/uploads\/2020\/10\/Circulaire_107_Grippe_aviaire_2016.pdf\">Circulaire_107_Grippe_aviaire_2016<\/a>[vc_row][vc_column][vc_column_text]\r\n<p>25-12-2014\u00a0: <strong>Apparition d&rsquo;une nouvelle souche de la grippe aviaire<\/strong><\/p>\r\n<p>\r\n\r\nTh\u00e8me : Grippe aviaire<\/p>\r\n\r\n<div class=\"wp-block-file\"><a href=\"https:\/\/www.onmne.tn\/wp-content\/uploads\/2020\/07\/grppe_aviaire1.jpg\">Communiqu\u00e9 \u00a0 <\/a><a class=\"wp-block-file__button\" href=\"https:\/\/www.onmne.tn\/wp-content\/uploads\/2020\/07\/grppe_aviaire1.jpg\" download=\"\">T\u00e9l\u00e9charger<\/a><\/div>\r\n[\/vc_column_text]<div class=\"vcex-module vcex-callout clr with-button\"><div class=\"vcex-callout-caption clr\"><p>Circulaire 107 Grippe aviaire 2016. \u00a0\u00a0 <a href=\"https:\/\/www.onmne.tn\/wp-content\/uploads\/2020\/10\/Circulaire_107_Grippe_aviaire_2016.pdf\" target=\"_blank\" rel=\"noopener noreferrer\">Voir Fichier<\/a><\/p>\n<\/div><div class=\"vcex-callout-button\"><a href=\"https:\/\/www.onmne.tn\/wp-content\/uploads\/2020\/10\/Circulaire_107_Grippe_aviaire_2016.pdf\" title=\"T\u00e9l\u00e9charger\" class=\"theme-button grey\">T\u00e9l\u00e9charger<\/a><\/div><\/div>[vc_empty_space height=\u00a0\u00bb15px\u00a0\u00bb]<div class=\"vcex-module vcex-callout clr with-button\"><div class=\"vcex-callout-caption clr\"><p>Fiche de d\u00e9claration d&rsquo;un patient en investigation por une grippe H5N1. \u00a0\u00a0 <a href=\"https:\/\/www.onmne.tn\/wp-content\/uploads\/2020\/10\/fiche_de_declaration_dun_patient_en_investigation_pour_une_grippe_h5n1.pdf\" target=\"_blank\" rel=\"noopener noreferrer\">Voir Fichier<\/a><\/p>\n<\/div><div class=\"vcex-callout-button\"><a href=\"https:\/\/www.onmne.tn\/wp-content\/uploads\/2020\/10\/fiche_de_declaration_dun_patient_en_investigation_pour_une_grippe_h5n1.pdf\" title=\"T\u00e9l\u00e9charger\" class=\"theme-button grey\">T\u00e9l\u00e9charger<\/a><\/div><\/div>[\/vc_column][\/vc_row][vc_row][vc_column]<form style='display:none' class='pw_ticker_form_366'><input name='pw_atts' value=\r\r\n\t\t\t\t'{\"ticker_base\":\"category_base\",\"ticker_height\":\"25\",\"ticker_pos\":\"pl-fixed-wrapper pl-fix-bottom\",\"hide_title\":\"hide_title\",\"open_link_new\":\"_blank\",\"show_date\":\"yes\",\"date_format\":\"F j, Y\",\"carousel_effect\":\"marquee\",\"ticker_border\":\"0,0,0,0,solid,#dd3333\",\"content_background\":\"#dd3333\",\"content_font\":\"inherit,13,#FFFFFF,#ffffff\",\"pw_query\":\"size:10|order_by:date|order:DESC|post_type:post|categories:85\"}' \/><input name='pw_rand_id' value=\r\r\n\t\t\t\t'366' \/><\/form>\r\r\n<div class=\"main-ticker-wrapper main-ticker-366  pl-fixed-wrapper pl-fix-bottom pl-ltr-ticker hide_toggle \">\r\r\n\t <div class=\"main-ticker-cnt main-ticker-cnt-366\">\r\r\n\t<div class=\"pl-ticker-cnt pl-horizontal-ticker pl-timer-disable pl-ticker-hide-nav\">\r\r\n\t\t<div class=\"pl-bloading pl-bloading-366\"><i class=\"fa fa-circle-o-notch fa-spin\"><\/i><\/div>\r\r\n\t\t<div class=\"pl-ticker-content-cnt pl-ticker-content-cnt-366 pl-marquee left-direction\"   style=\"display:none\">\r\r\n\t\t<div class=\"pl-slick-366 pl-slider-cnt \" data-slider-id=\"366\" >\r\r\n\t\t\t\t\t<div class=\"pl-slider-slide\"  >\r\r\n\t\t\t\t\t\t<div class=\"pl-ticker-content-item\">\r\r\n\t\t\t\t\t\t\t\r\r\n\t\t\t\t\t\t\t<div class=\"pl-title\">\r\r\n\t\t\t\t\t\t\t\t\t<div class=\"pl-date\"><span>septembre 20, 2025<\/span><\/div><a href=\"\/?p=17560\"  target=\"_blank\">Circulaire N\u00b037\/2025: Renforcement du plan de veille et de pr\u00e9vention contre la propagation du virus West Nile <\/a>\r\r\n\t\t\t\t\t\t\t<\/div><!--pl-title -->\r\r\n\t\t\t\t\t\t<\/div><!--pl-ticker-content-item -->\r\r\n\t\t\t\t\t<\/div><!--pl-slider-slide -->\t\r\r\n\t\t\t\t\t<div class=\"pl-slider-slide\"  >\r\r\n\t\t\t\t\t\t<div class=\"pl-ticker-content-item\">\r\r\n\t\t\t\t\t\t\t\r\r\n\t\t\t\t\t\t\t<div class=\"pl-title\">\r\r\n\t\t\t\t\t\t\t\t\t<div class=\"pl-date\"><span>ao\u00fbt 19, 2025<\/span><\/div><a href=\"\/?p=17559\"  target=\"_blank\">Appel \u00e0 candidature pour la 2\u1d49 cohorte de la formation LabEpi+ 2025-ONMNE <\/a>\r\r\n\t\t\t\t\t\t\t<\/div><!--pl-title -->\r\r\n\t\t\t\t\t\t<\/div><!--pl-ticker-content-item -->\r\r\n\t\t\t\t\t<\/div><!--pl-slider-slide -->\t\r\r\n\t\t\t\t\t<div class=\"pl-slider-slide\"  >\r\r\n\t\t\t\t\t\t<div class=\"pl-ticker-content-item\">\r\r\n\t\t\t\t\t\t\t\r\r\n\t\t\t\t\t\t\t<div class=\"pl-title\">\r\r\n\t\t\t\t\t\t\t\t\t<div class=\"pl-date\"><span>d\u00e9cembre 16, 2024<\/span><\/div><a href=\"\/?p=17556\"  target=\"_blank\">Programme webinaire Maladies vectorielles \u00e9mergentes le 18 d\u00e9cembre 2024 <\/a>\r\r\n\t\t\t\t\t\t\t<\/div><!--pl-title -->\r\r\n\t\t\t\t\t\t<\/div><!--pl-ticker-content-item -->\r\r\n\t\t\t\t\t<\/div><!--pl-slider-slide -->\t\r\r\n\t\t\t\t\t<div class=\"pl-slider-slide\"  >\r\r\n\t\t\t\t\t\t<div class=\"pl-ticker-content-item\">\r\r\n\t\t\t\t\t\t\t\r\r\n\t\t\t\t\t\t\t<div class=\"pl-title\">\r\r\n\t\t\t\t\t\t\t\t\t<div class=\"pl-date\"><span>octobre 8, 2024<\/span><\/div><a href=\"\/?p=17510\"  target=\"_blank\">CDC&rsquo;s Epidemic Intelligence Service (EIS) Conference Call For Abstracts Opens October 15! Deadline December 3, 2024 <\/a>\r\r\n\t\t\t\t\t\t\t<\/div><!--pl-title -->\r\r\n\t\t\t\t\t\t<\/div><!--pl-ticker-content-item -->\r\r\n\t\t\t\t\t<\/div><!--pl-slider-slide -->\t\r\r\n\t\t\t\t\t<div class=\"pl-slider-slide\"  >\r\r\n\t\t\t\t\t\t<div class=\"pl-ticker-content-item\">\r\r\n\t\t\t\t\t\t\t\r\r\n\t\t\t\t\t\t\t<div class=\"pl-title\">\r\r\n\t\t\t\t\t\t\t\t\t<div class=\"pl-date\"><span>septembre 24, 2024<\/span><\/div><a href=\"\/?p=17506\"  target=\"_blank\">Appel \u00e0 candidature responsable syst\u00e8me d&rsquo;information contractuel-ONMNE <\/a>\r\r\n\t\t\t\t\t\t\t<\/div><!--pl-title -->\r\r\n\t\t\t\t\t\t<\/div><!--pl-ticker-content-item -->\r\r\n\t\t\t\t\t<\/div><!--pl-slider-slide -->\t\r\r\n\t\t\t\t\t<div class=\"pl-slider-slide\"  >\r\r\n\t\t\t\t\t\t<div class=\"pl-ticker-content-item\">\r\r\n\t\t\t\t\t\t\t\r\r\n\t\t\t\t\t\t\t<div class=\"pl-title\">\r\r\n\t\t\t\t\t\t\t\t\t<div class=\"pl-date\"><span>septembre 10, 2024<\/span><\/div><a href=\"\/?p=17498\"  target=\"_blank\">Congr\u00e8s m\u00e9dical\u00ab Actualit\u00e9s et Innovations dans la Pr\u00e9vention du Risque Cardiovasculaire \u00bb Tunis,les 11 &#038; 12 octobre 2024 &#8211; facult\u00e9 de M\u00e9decine de Tunis- Date limite de soumission des r\u00e9sum\u00e9s prolong\u00e9e au lundi 30 septembre 2024 <\/a>\r\r\n\t\t\t\t\t\t\t<\/div><!--pl-title -->\r\r\n\t\t\t\t\t\t<\/div><!--pl-ticker-content-item -->\r\r\n\t\t\t\t\t<\/div><!--pl-slider-slide -->\t\r\r\n\t\t\t\t\t<div class=\"pl-slider-slide\"  >\r\r\n\t\t\t\t\t\t<div class=\"pl-ticker-content-item\">\r\r\n\t\t\t\t\t\t\t\r\r\n\t\t\t\t\t\t\t<div class=\"pl-title\">\r\r\n\t\t\t\t\t\t\t\t\t<div class=\"pl-date\"><span>septembre 4, 2024<\/span><\/div><a href=\"\/?p=17489\"  target=\"_blank\">Appel \u00e0 candidature pour la Cohorte 3 du Programme de Renforcement des capacit\u00e9s en Sant\u00e9 Publique &#8211; Epid\u00e9miologie de Terrain de base <\/a>\r\r\n\t\t\t\t\t\t\t<\/div><!--pl-title -->\r\r\n\t\t\t\t\t\t<\/div><!--pl-ticker-content-item -->\r\r\n\t\t\t\t\t<\/div><!--pl-slider-slide -->\t\r\r\n\t\t\t\t\t<div class=\"pl-slider-slide\"  >\r\r\n\t\t\t\t\t\t<div class=\"pl-ticker-content-item\">\r\r\n\t\t\t\t\t\t\t\r\r\n\t\t\t\t\t\t\t<div class=\"pl-title\">\r\r\n\t\t\t\t\t\t\t\t\t<div class=\"pl-date\"><span>juillet 12, 2024<\/span><\/div><a href=\"\/?p=17486\"  target=\"_blank\">Appel \u00e0 candidature un ing\u00e9nieur biostatistique contractuel-ONMNE <\/a>\r\r\n\t\t\t\t\t\t\t<\/div><!--pl-title -->\r\r\n\t\t\t\t\t\t<\/div><!--pl-ticker-content-item -->\r\r\n\t\t\t\t\t<\/div><!--pl-slider-slide -->\t\r\r\n\t\t\t\t\t<div class=\"pl-slider-slide\"  >\r\r\n\t\t\t\t\t\t<div class=\"pl-ticker-content-item\">\r\r\n\t\t\t\t\t\t\t\r\r\n\t\t\t\t\t\t\t<div class=\"pl-title\">\r\r\n\t\t\t\t\t\t\t\t\t<div class=\"pl-date\"><span>juillet 12, 2024<\/span><\/div><a href=\"\/?p=17478\"  target=\"_blank\">Appel \u00e0 candidature 02 ing\u00e9nieurs informatique contractuels-ONMNE <\/a>\r\r\n\t\t\t\t\t\t\t<\/div><!--pl-title -->\r\r\n\t\t\t\t\t\t<\/div><!--pl-ticker-content-item -->\r\r\n\t\t\t\t\t<\/div><!--pl-slider-slide -->\t\r\r\n\t\t\t\t\t<div class=\"pl-slider-slide\"  >\r\r\n\t\t\t\t\t\t<div class=\"pl-ticker-content-item\">\r\r\n\t\t\t\t\t\t\t\r\r\n\t\t\t\t\t\t\t<div class=\"pl-title\">\r\r\n\t\t\t\t\t\t\t\t\t<div class=\"pl-date\"><span>juillet 12, 2024<\/span><\/div><a href=\"\/?p=17472\"  target=\"_blank\">Appel \u00e0 candidature un data scientist contractuel-ONMNE <\/a>\r\r\n\t\t\t\t\t\t\t<\/div><!--pl-title -->\r\r\n\t\t\t\t\t\t<\/div><!--pl-ticker-content-item -->\r\r\n\t\t\t\t\t<\/div><!--pl-slider-slide -->\t\t\r\r\n\t\t\t\t\t<\/div>\r\r\n\t\t\t\t<\/div><!-- -->\t\t \r\r\n\t\t\t<\/div>\r\r\n\t\t<\/div><!--main-ticker-cnt --->\r\r\n    <\/div><!--main-ticker-wrapper --> \r\r\n\t\r\r\n\t<script type=\"text\/javascript\">\r\r\n\t\t\t\tvar myInterval_366;\r\r\n\t\t\t\t\r\r\n\t\t\t\t\/\/jQuery(document).ready(function() {\t\r\r\n\t\t\t\tjQuery(window).load(function() {\r\r\n\r\r\n\t\t\t\t\tfunction general_interval_build(rand_id){\r\r\n\r\r\n\t\t\t\t\t\tclearInterval(myInterval_366);\r\r\n\t\t\t\t\t\tmyInterval_366 =setInterval(function () {\r\r\n\t\t\t\t\t\t\t\r\r\n\t\t\t\t\t\t\tif(jQuery(\"html\").find(\".pl-filter-item-366\")>1)\r\r\n\t\t\t\t\t\t\t{\r\r\n\t\t\t\t\t\t\t\tjQuery(\".pl-filter-item-366\").find(\".pw_active_filter\").trigger(\"click\");\r\r\n\t\t\t\t\t\t\t}\r\r\n\t\t\t\t\t\t\telse{\r\r\n\t\t\t\t\t\t\t\tgeneral_interval_build(\"366\");\r\r\n\t\t\t\t\t\t\t}\r\r\n\t\t\t\t\t\t\t\r\r\n\t\t\t\t\t\t},600000);\r\r\n\t\t\t\t\t\t\r\r\n\t\t\t\t\t\tvar pdata = {\r\r\n\t\t\t\t\t\t\taction: \"pw_fetch_ticker_cat_items\",\r\r\n\t\t\t\t\t\t\tpostdata: jQuery(\".pw_ticker_form_\"+rand_id).serialize()+\"&cat_id=no_cat\",\r\r\n\t\t\t\t\t\t\tnonce: \"4c234a342e\",\r\r\n\t\t\t\t\t\t};\r\r\n\t\t\t\t\t\t\r\r\n\t\t\t\t\t\tjQuery(\".pl-ticker-content-cnt-366\").html(\"<div class='pl-ticker-loading'><i class='fa fa-circle-o-notch fa-spin'><\/i><\/div>\");\r\r\n\t\t\t\t\t\tjQuery.ajax ({\r\r\n\t\t\t\t\t\t\ttype: \"POST\",\r\r\n\t\t\t\t\t\t\turl : \"\/wp-admin\/admin-ajax.php\",\r\r\n\t\t\t\t\t\t\tdata:  pdata,\r\r\n\t\t\t\t\t\t\tdataType: \"html\",\r\r\n\t\t\t\t\t\t\tsuccess : function(resp){\r\r\n\t\t\t\t\t\t\t\t\/\/confirm(resp);\r\r\n\t\t\t\t\t\t\t\t\r\r\n\t\t\t\t\t\t\t\tvar datas=resp.split(\"@#\");\r\r\n\t\t\t\t\t\t\t\tjQuery(\".pl-ticker-content-cnt-366\").html(datas[0]);\r\r\n\t\t\t\t\t\t\t\tjQuery(\".pl-time-hour-366\").html(datas[1]);\r\r\n\t\t\t\t\t\t\t\t\/\/confirm(resp);\r\r\n\t\t\t\t\t\t\t\tapply_js();\r\r\n\t\t\t\t\t\t\t}\r\r\n\t\t\t\t\t\t});\r\r\n\t\t\t\t\t\t\r\r\n\t\t\t\t\t}\r\r\n\t\t\t\t\t\r\r\n\t\t\t\t\t\r\r\n\r\r\n\t\t\t\t\tjQuery(\".pl-filter-item-366\").find(\"li\").click(function(){\t\r\r\n\t\t\t\t\t\tvar cat_id=jQuery(this).attr(\"data-tax-id\");\r\r\n\t\t\t\t\t\tvar rand_id=jQuery(this).attr(\"data-id\");\r\r\n\t\t\t\t\t\t\r\r\n\t\t\t\t\t\tjQuery(this).siblings(\".pw_active_filter\").removeClass(\"pw_active_filter\");\r\r\n\t\t\t\t\t\tjQuery(this).addClass(\"pw_active_filter\");\r\r\n\t\t\t\t\t\t\r\r\n\t\t\t\t\t\t\/\/Change title of ticker after click on filters\r\r\n\t\t\t\t\t\t\tif(jQuery(this).attr(\"data-item\")===\"all\")\r\r\n\t\t\t\t\t\t\tvar title=jQuery(this).attr(\"data-title\");\r\r\nelse\r\r\n\t\t\t\t\t\tvar title=jQuery(this).html();\r\r\n\t\t\t\t\t\tjQuery(\".pl-ticker-title-366\").html(title);\r\r\n\r\r\n\t\t\t\t\t\tvar pdata = {\r\r\n\t\t\t\t\t\t\taction: \"pw_fetch_ticker_cat_items\",\r\r\n\t\t\t\t\t\t\tpostdata: jQuery(\".pw_ticker_form_\"+rand_id).serialize()+\"&cat_id=\"+cat_id,\r\r\n\t\t\t\t\t\t\tnonce: \"4c234a342e\",\r\r\n\t\t\t\t\t\t};\r\r\n\t\t\t\t\t\t\r\r\n\t\t\t\t\t\tjQuery(\".pl-ticker-content-cnt-366\").html(\"<div class='pl-ticker-loading'><i class='fa fa-circle-o-notch fa-spin'><\/i><\/div>\");\r\r\n\t\t\t\t\t\tjQuery.ajax ({\r\r\n\t\t\t\t\t\t\ttype: \"POST\",\r\r\n\t\t\t\t\t\t\turl : \"\/wp-admin\/admin-ajax.php\",\r\r\n\t\t\t\t\t\t\tdata:  pdata,\r\r\n\t\t\t\t\t\t\tdataType: \"html\",\r\r\n\t\t\t\t\t\t\tsuccess : function(resp){\r\r\n\t\t\t\t\t\t\t\t\/\/confirm(resp);\r\r\n\t\t\t\t\t\t\t\t\r\r\n\t\t\t\t\t\t\t\tvar datas=resp.split(\"@#\");\r\r\n\t\t\t\t\t\t\t\t\r\r\n\t\t\t\t\t\t\t\t\r\r\n\t\t\t\t\t\t\t\tjQuery(\".pl-ticker-content-cnt-366\").html(datas[0]);\r\r\n\t\t\t\t\t\t\t\tjQuery(\".pl-time-hour-366\").html(datas[1]);\r\r\n\t\t\t\t\t\t\t\t\/\/confirm(resp);\r\r\n\t\t\t\t\t\t\t\tapply_js();\r\r\n\t\t\t\t\t\t\t}\r\r\n\t\t\t\t\t\t});\r\r\n\t\t\t\t\t});\r\r\n\t\t\t\t\t\r\r\n\t\t\t\t\t\r\r\n\t\t\t\tfunction apply_js(){\r\r\n\t\t\t\t\t\t\t\t\/\/jQuery(\".main-ticker-366\").show();\r\r\n\t\t\t\t\t\t\t\tjQuery(\".pl-ticker-content-cnt-366\").show();\r\r\n\t\t\t\t\t\t\t\tjQuery(\".pl-bloading-366\").hide();\r\r\n\t\t\t\t\t\t\t\tjQuery(\".pl-slick-366\").liMarquee({\r\r\n\t\t\t\t\t\t\t\t\tdirection:\"left\",\t\r\r\n\t\t\t\t\t\t\t\t\tloop:-1,\t\t\t\r\r\n\t\t\t\t\t\t\t\t\tscrolldelay: 0,\t\t\r\r\n\t\t\t\t\t\t\t\t\tscrollamount:20,\t\r\r\n\t\t\t\t\t\t\t\t\tcircular: true,\t\t\r\r\n\t\t\t\t\t\t\t\t\tdrag: false,\r\r\n\t\t\t\t\t\t\t\t\t\r\r\n\t\t\t\t\t\t\t\t});\r\r\n\t\t\t\t\t\t\r\r\n\t\t\t\t}\r\r\n\t\t\t\t\r\r\n\t\t\t\tapply_js();\r\r\n\t\t\t\t});\r\r\n\t\t\t<\/script>\r\r\n\t[\/vc_column][\/vc_row]","protected":false},"excerpt":{"rendered":"<p>fiche_de_declaration_dun_patient_en_investigation_pour_une_grippe_h5n1Circulaire_107_Grippe_aviaire_2016[vc_row][vc_column][vc_column_text] 25-12-2014\u00a0: Apparition d&rsquo;une nouvelle souche de la grippe aviaire Th\u00e8me : Grippe aviaire Communiqu\u00e9 \u00a0 T\u00e9l\u00e9charger [\/vc_column_text][vc_empty_space height=\u00a0\u00bb15px\u00a0\u00bb][\/vc_column][\/vc_row][vc_row][vc_column][\/vc_column][\/vc_row]<\/p>\n","protected":false},"author":1,"featured_media":0,"parent":0,"menu_order":0,"comment_status":"closed","ping_status":"closed","template":"","meta":{"_bbp_topic_count":0,"_bbp_reply_count":0,"_bbp_total_topic_count":0,"_bbp_total_reply_count":0,"_bbp_voice_count":0,"_bbp_anonymous_reply_count":0,"_bbp_topic_count_hidden":0,"_bbp_reply_count_hidden":0,"_bbp_forum_subforum_count":0,"_links_to":"","_links_to_target":""},"_links":{"self":[{"href":"\/index.php?rest_route=\/wp\/v2\/pages\/5756"}],"collection":[{"href":"\/index.php?rest_route=\/wp\/v2\/pages"}],"about":[{"href":"\/index.php?rest_route=\/wp\/v2\/types\/page"}],"author":[{"embeddable":true,"href":"\/index.php?rest_route=\/wp\/v2\/users\/1"}],"replies":[{"embeddable":true,"href":"\/index.php?rest_route=%2Fwp%2Fv2%2Fcomments&post=5756"}],"version-history":[{"count":11,"href":"\/index.php?rest_route=\/wp\/v2\/pages\/5756\/revisions"}],"predecessor-version":[{"id":9657,"href":"\/index.php?rest_route=\/wp\/v2\/pages\/5756\/revisions\/9657"}],"wp:attachment":[{"href":"\/index.php?rest_route=%2Fwp%2Fv2%2Fmedia&parent=5756"}],"curies":[{"name":"wp","href":"https:\/\/api.w.org\/{rel}","templated":true}]}}