



{"id":5722,"date":"2020-07-15T16:16:55","date_gmt":"2020-07-15T14:16:55","guid":{"rendered":"http:\/\/cresus-209.ovh\/onmne.tn\/?page_id=5722"},"modified":"2020-09-07T15:50:01","modified_gmt":"2020-09-07T13:50:01","slug":"traitement-des-donnees-personnelles","status":"publish","type":"page","link":"\/?page_id=5722","title":{"rendered":"Traitement des donn\u00e9es personnelles"},"content":{"rendered":"[vc_row][vc_column][vc_column_text]Les informations recueillies \u00e0 l\u2019occasion notamment de la r\u00e9ception d\u2019un courriel, d\u2019une inscription \u00e0 un colloque ou \u00e0 une lettre d\u2019information transmise par courriel servent uniquement au traitement des abonnements et ne sont jamais transmises \u00e0 des tiers.<\/p>\r\n<p>\r\n\r\nOn vous donne un droit d\u2019acc\u00e8s, d\u2019opposition, de rectification et de suppression aux donn\u00e9es vous concernant. Vous pouvez exercer ce droit en vous adressant au webmaster du site Internet de l\u2019ONMNE (<a href=\"mailto:onmne@mail.tn\">onmne@mail.tn<\/a>) ou par courrier \u00e0 l\u2019adresse de l\u2019Observatoire.<\/p>\r\n<p>\r\n\r\nLe site Internet de l\u2019ONMNE n\u2019utilise pas de cookies. Les adresses IP des machines visitant le site de l\u2019Observatoire National des Maladies Nouvelles et \u00c9mergentes sont enregistr\u00e9es uniquement \u00e0 des fins statistiques et ne sont pas conserv\u00e9es.<\/p>\r\n[\/vc_column_text][\/vc_column][\/vc_row]\r\n[vc_empty_space height=\u00a0\u00bb22px\u00a0\u00bb] <em>Derni\u00e8re Modification:<\/em>  07\/09\/2020 03:50:01[vc_empty_space height=\u00a0\u00bb22px\u00a0\u00bb]","protected":false},"excerpt":{"rendered":"<p>[vc_row][vc_column][vc_column_text]Les informations recueillies \u00e0 l\u2019occasion notamment de la r\u00e9ception d\u2019un courriel, d\u2019une inscription \u00e0 un colloque ou \u00e0 une lettre d\u2019information transmise par courriel servent uniquement au traitement des abonnements et ne sont jamais transmises \u00e0 des tiers. On vous&hellip;<\/p>\n","protected":false},"author":1,"featured_media":0,"parent":0,"menu_order":0,"comment_status":"closed","ping_status":"closed","template":"","meta":{"_bbp_topic_count":0,"_bbp_reply_count":0,"_bbp_total_topic_count":0,"_bbp_total_reply_count":0,"_bbp_voice_count":0,"_bbp_anonymous_reply_count":0,"_bbp_topic_count_hidden":0,"_bbp_reply_count_hidden":0,"_bbp_forum_subforum_count":0,"_links_to":"","_links_to_target":""},"_links":{"self":[{"href":"\/index.php?rest_route=\/wp\/v2\/pages\/5722"}],"collection":[{"href":"\/index.php?rest_route=\/wp\/v2\/pages"}],"about":[{"href":"\/index.php?rest_route=\/wp\/v2\/types\/page"}],"author":[{"embeddable":true,"href":"\/index.php?rest_route=\/wp\/v2\/users\/1"}],"replies":[{"embeddable":true,"href":"\/index.php?rest_route=%2Fwp%2Fv2%2Fcomments&post=5722"}],"version-history":[{"count":9,"href":"\/index.php?rest_route=\/wp\/v2\/pages\/5722\/revisions"}],"predecessor-version":[{"id":8817,"href":"\/index.php?rest_route=\/wp\/v2\/pages\/5722\/revisions\/8817"}],"wp:attachment":[{"href":"\/index.php?rest_route=%2Fwp%2Fv2%2Fmedia&parent=5722"}],"curies":[{"name":"wp","href":"https:\/\/api.w.org\/{rel}","templated":true}]}}