



{"id":5716,"date":"2020-08-12T11:36:31","date_gmt":"2020-08-12T09:36:31","guid":{"rendered":"http:\/\/cresus-209.ovh\/onmne.tn\/?page_id=5716"},"modified":"2022-02-04T14:53:01","modified_gmt":"2022-02-04T13:53:01","slug":"mentions-legales","status":"publish","type":"page","link":"\/?page_id=5716","title":{"rendered":"Mentions L\u00e9gales"},"content":{"rendered":"[vc_row][vc_column][vc_column_text]\r\n<p><strong>Informations g\u00e9n\u00e9rales :\u00a0<\/strong><br \/>Le site Internet\u00a0<a href=\"https:\/\/www.onmne.tn\/\" target=\"_blank\" rel=\"noreferrer noopener\">www.onmne.tn<\/a>\u00a0est une publication de l&rsquo;Observatoire National des Maladies Nouvelles et \u00c9mergentes.<br \/>Directrice de la publication : Directeur g\u00e9n\u00e9ral de l&rsquo;ONMNE<br \/>Directrice de la r\u00e9daction : Directrice du service communication<br \/>Coordination \u00e9ditoriale \/ Secr\u00e9tariat de r\u00e9daction<br \/>Webmaster :\u00a0<a href=\"http:\/\/www.cresus-net.net\/fr\/index.php\" target=\"_blank\" rel=\"noreferrer noopener\">CRESUS<\/a><\/p>\r\n\r\n<p><strong>Observatoire National des Maladies Nouvelles et \u00c9mergentes<\/strong><br \/>Adresse :\u00a05-7, Rue Khartoum, Complexe Diplomat, bloc 4, 13\u00e8me \u00e9tage, Le Belv\u00e9d\u00e8re, 1002, Tunis \/ Tunisie<br \/>T\u00e9l. :\u00a0+216 71 89 45 12 \/ 71 89 45 25<br \/>Fax :\u00a0+216 71 89 45 33<br \/>E-mail :\u00a0<a href=\"mailto:onmne@mail.tn\">onmne@mail.tn<\/a><br \/>L\u2019Observatoire National des Maladies Nouvelles et \u00c9mergentes (ONMNE) est un \u00e9tablissement public \u00e0 caract\u00e8re administratif plac\u00e9 sous la tutelle du Minist\u00e8re de la sant\u00e9 \u00a0(D\u00e9cret n\u00b020 5-3294 du 19 d\u00e9cembre 2005).<\/p>\r\n\r\n<p>La responsabilit\u00e9 de l&rsquo;ONMNE ne saurait \u00eatre engag\u00e9e pour les informations contenues sur les sites vers lesquels renvoie le site\u00a0<a href=\"https:\/\/www.onmne.tn\/\" target=\"_blank\" rel=\"noreferrer noopener\">www.onmne.tn<\/a>.<br \/>L\u2019Observatoire National des Maladies Nouvelles et \u00c9mergentes ne saurait \u00eatre tenu responsable de tout pr\u00e9judice, direct ou indirect, de quelque nature que ce soit, r\u00e9sultant de l&rsquo;utilisation, m\u00eame partielle, des informations de ce site.<\/p>\r\n\r\n<p>Le site Internet de l\u2019ONMNE n\u2019accepte aucune forme de publicit\u00e9, et ne re\u00e7oit pas de fonds publicitaires.<\/p>\r\n\r\n<ul>\r\n<li><a href=\"https:\/\/www.onmne.tn\/?page_id=5719\">Information m\u00e9dicale<\/a><\/li>\r\n<li><a href=\"https:\/\/www.onmne.tn\/?page_id=5722\">Traitement des donn\u00e9es personnelles<\/a><\/li>\r\n<li><a href=\"https:\/\/www.onmne.tn\/?page_id=5728\">Utilisation des donn\u00e9es et copyright<\/a><\/li>\r\n<li><a href=\"https:\/\/www.onmne.tn\/?page_id=5731\">Etablissement des liens<\/a><\/li>\r\n<\/ul>\r\n[\/vc_column_text][\/vc_column][\/vc_row]\r\n[vc_empty_space height=\u00a0\u00bb22px\u00a0\u00bb]\r\n<em>Derni\u00e8re Modification :<\/em>  04\/02\/2022 02:53:01\r\n[vc_empty_space height=\u00a0\u00bb22px\u00a0\u00bb]","protected":false},"excerpt":{"rendered":"<p>[vc_row][vc_column][vc_column_text] Informations g\u00e9n\u00e9rales :\u00a0Le site Internet\u00a0www.onmne.tn\u00a0est une publication de l&rsquo;Observatoire National des Maladies Nouvelles et \u00c9mergentes.Directrice de la publication : Directeur g\u00e9n\u00e9ral de l&rsquo;ONMNEDirectrice de la r\u00e9daction : Directrice du service communicationCoordination \u00e9ditoriale \/ Secr\u00e9tariat de r\u00e9dactionWebmaster :\u00a0CRESUS Observatoire National&hellip;<\/p>\n","protected":false},"author":1,"featured_media":0,"parent":0,"menu_order":0,"comment_status":"closed","ping_status":"closed","template":"","meta":{"_bbp_topic_count":0,"_bbp_reply_count":0,"_bbp_total_topic_count":0,"_bbp_total_reply_count":0,"_bbp_voice_count":0,"_bbp_anonymous_reply_count":0,"_bbp_topic_count_hidden":0,"_bbp_reply_count_hidden":0,"_bbp_forum_subforum_count":0,"_links_to":"","_links_to_target":""},"_links":{"self":[{"href":"\/index.php?rest_route=\/wp\/v2\/pages\/5716"}],"collection":[{"href":"\/index.php?rest_route=\/wp\/v2\/pages"}],"about":[{"href":"\/index.php?rest_route=\/wp\/v2\/types\/page"}],"author":[{"embeddable":true,"href":"\/index.php?rest_route=\/wp\/v2\/users\/1"}],"replies":[{"embeddable":true,"href":"\/index.php?rest_route=%2Fwp%2Fv2%2Fcomments&post=5716"}],"version-history":[{"count":16,"href":"\/index.php?rest_route=\/wp\/v2\/pages\/5716\/revisions"}],"predecessor-version":[{"id":16199,"href":"\/index.php?rest_route=\/wp\/v2\/pages\/5716\/revisions\/16199"}],"wp:attachment":[{"href":"\/index.php?rest_route=%2Fwp%2Fv2%2Fmedia&parent=5716"}],"curies":[{"name":"wp","href":"https:\/\/api.w.org\/{rel}","templated":true}]}}